{"id":3394,"date":"2021-06-16T12:36:14","date_gmt":"2021-06-16T10:36:14","guid":{"rendered":"https:\/\/manituherbs.com\/?page_id=3394"},"modified":"2021-07-15T15:26:57","modified_gmt":"2021-07-15T13:26:57","slug":"dostava-garancija","status":"publish","type":"page","link":"https:\/\/manituherbs.com\/en\/dostava-garancija\/","title":{"rendered":"Dostava, garancija"},"content":{"rendered":"\t\t<div data-elementor-type=\"wp-page\" data-elementor-id=\"3394\" class=\"elementor elementor-3394\" data-elementor-post-type=\"page\">\n\t\t\t\t\t\t<section class=\"elementor-section elementor-top-section elementor-element elementor-element-61dab8e4 elementor-section-boxed elementor-section-height-default elementor-section-height-default\" data-id=\"61dab8e4\" data-element_type=\"section\" data-e-type=\"section\">\n\t\t\t\t\t\t<div class=\"elementor-container elementor-column-gap-default\">\n\t\t\t\t\t<div class=\"elementor-column elementor-col-100 elementor-top-column elementor-element elementor-element-286d7c34\" data-id=\"286d7c34\" data-element_type=\"column\" data-e-type=\"column\">\n\t\t\t<div class=\"elementor-widget-wrap elementor-element-populated\">\n\t\t\t\t\t\t<div class=\"elementor-element elementor-element-513533ff elementor-widget elementor-widget-text-editor\" data-id=\"513533ff\" data-element_type=\"widget\" data-e-type=\"widget\" data-widget_type=\"text-editor.default\">\n\t\t\t\t<div class=\"elementor-widget-container\">\n\t\t\t\t\t\t\t\t\t<h3>Dostava naro\u010denega blaga<\/h3><p>Naro\u010deno blago z vrednostjo nad 50,00 \u20ac vam bomo s privzeto dostavno slu\u017ebo dostavili <strong>brezpla\u010dno<\/strong>.<\/p><p>\u200bBlago pod to vrednostjo vam bomo dostavili po ceniku na\u0161ih dostavnih slu\u017eb.<\/p><p>Blago naro\u010deno v spletni trgovini gre na pot v najkraj\u0161em mo\u017enem \u010dasu. Blago ozna\u010deno na zalogi je na zalogi v na\u0161em skladi\u0161\u010du ali v skladi\u0161\u010du na\u0161ih dobaviteljev, od katerih lahko blago k vam odpo\u0161ljemo nemudoma in ga lahko pri\u010dakujete predvidoma v 1-3 delovnih dneh, izjemoma kak\u0161en dan dlje.<\/p><p>Dostava naro\u010denega blaga za nas izvaja Po\u0161ta Slovenije, ki vam ne zara\u010duna nikakr\u0161ne dodatne provizije za pla\u010dilo po povzetju. Dostavo naro\u010denega blaga <strong>Po\u0161ta Slovenije<\/strong> izvaja v dopoldanskem \u010dasu, na obmo\u010dju ve\u010djih po\u0161t pa imate na blagajni tudi mo\u017enost izbire dostave po 16 uri.<\/p><p>V primeru izrednih dimenzij, velike te\u017ee ali drugih izrednih okoli\u0161\u010din pa si pridru\u017eujemo pravico, da vam dostavo izvr\u0161imo z drugo dostavno slu\u017ebo in vam dostavo dodatno zara\u010dunamo (\u010de bi vam sicer pripadala brezpla\u010dna dostava). O tem boste seveda takoj obve\u0161\u010deno. Pri paketih ve\u010djih dimenzij lahko naro\u010deno blago po\u0161ljemo preko druge dostavne slu\u017ebe, saj nekateri na\u0161i dostavni partnerji ne sprejemajo ve\u010djih tovorov.<\/p><p>\u010ce vas ob dostavi ni na naslovu navedenem pri potrditvi naro\u010dila, lahko paket prevzamete na najbli\u017eji po\u0161ti oz pokli\u010dete dostavno slu\u017ebo, katera vam pusti obvestilo in se dogovorite za naslednjo dostavo. Paketno dostavo dostavne slu\u017ebe vr\u0161ijo na\u010deloma v dopoldanskem \u010dasu. Preden je naro\u010dilo odpremljeno, nas lahko preko elektronske po\u0161te ali telefona obvestite, da \u017eelite dostavo na drug naslov. Razen, \u010de bo to sporo\u010dilo prispelo prepozno, bomo poskrbeli, da bo \u017eelja upo\u0161tevana in da bo naro\u010deno pri\u0161lo na pravi naslov.<\/p><p>Dobavljivost posameznega artikla je prikazana na strani artikla.<\/p><h3>Dobavljivost artiklov<\/h3><p>V primeru, da dobavljivost artikla ni objavljena na strani, preverite dobavljivost artikla na <a href=\"mailto:info@manituherbs,com\">info@manituherbs,com<\/a>.\u00a0<\/p><p>Dobavljivost oziroma predviden rok dobave posameznega artikla je objavljena na strani posameznega artikla in se dnevno a\u017eurira glede na dobavljivost s strani na\u0161ih dobaviteljev. Trudimo se biti a\u017eurni, a zaradi obdelave podatkov lahko pri objavi dobavljivosti posameznega artikla pride do zamika pri objavi dobavljivosti za posamezni artikel. Ob hkratnem naro\u010dilu ve\u010d artiklov vam bomo v primeru razli\u010dnih dobavnih rokov (ve\u010d kot 5 dni) dostavo v dogovoru z vami izvedli deljeno.<\/p><p>\u010ce je ob artiklu objavljen status <strong>&#8220;V prihodu&#8221;<\/strong> le to pomeni, da to\u010den rok dobave \u0161e ni znan, ker artikla trenutno na tr\u017ei\u0161\u010du \u0161e ni in se \u0161ele pri\u010dakuje njegovo distribucijo. \u010ce pa ob artiklu vidite status <strong>&#8220;Prosimo preverite&#8221;<\/strong> pa to\u010den rok dobave ni znan, ker je artikel trenutno na tr\u017ei\u0161\u010du po\u0161el in zato nimamo to\u010dnega roka dobave. V primeru, da naro\u010dite izdelek z navedenima statusima lahko od pogodbe odstopite kadarkoli.<\/p><p>V primeru, da bi pri\u0161lo pri dostavi do zamud vas bomo o tem preko elektronske po\u0161te obvestili.<\/p><p>\u200bZa izdelke iz razprodaj, kjer so zaloge pri nas ali na\u0161ih dobaviteljih omejene si pridru\u017eujemo pravico, da izdelka ne dostavimo in prekli\u010demo naro\u010dilo, \u010de zaradi zamika pri a\u017euriranju razpolo\u017eljivih zalog ali morebitnih po\u0161kodb ali izgub med transportom izdelka ve\u010d ne moremo dobaviti, ker ni ve\u010d na voljo. V tem primeru se bomo potrudili, da skupaj z vami najdemo re\u0161itev, ki bo ustrezna za vas.\u200b<\/p><p>Dobavni rok, ki je objavljen na strani za artikle, ki niso na zalogi je podan glede na dobavljivost s strani na\u0161ih dobaviteljev. Pri tem je upo\u0161tevan optimalni \u010das tranzita od dobavitelja k nam, kakor tudi od nas k vam. \u017dal lahko pride pri dobavi s strani proizvajalca in pri tranzitu do zamud s strani dostavnih slu\u017eb, na katere pa \u017eal nimamo vpliva in tudi ne moremo prevzeti odgovornosti.<\/p><h3>Embala\u017ea<\/h3><p>Ker nekatero blago od na\u0161ih dobaviteljev lahko prejmemo preko paketnih dostavnih slu\u017eb se lahko zgodi, da izdelek prepakiramo v novo \u0161katlo, \u010de ocenimo, da bi po\u0161iljanje v originalni \u0161katli pomenilo pove\u010dano tveganje za nastanek po\u0161kodb. V takem primeru zagotavljamo, da je blago novo in je zapakirano v neoriginalno \u0161katlo izklju\u010dno iz naslova za\u0161\u010dite po\u0161iljke med transportom do vas.<\/p><h3>Dostava ob sumu zlorabe<\/h3><p>Blago naro\u010deno v spletni trgovini bo ob sumu zlorabe osebnih podatkov ali sumu zlorabe pla\u010dil zadr\u017eano in bo oddano v dostavo \u0161ele ob potrditvi identitete kupca in njegove upravi\u010denosti do uporabe na\u010dina pla\u010dila, ki je bil uporabljen za pla\u010dilo naro\u010denega blaga.<br \/>Zlorabam se kljub trudom vseh sodelujo\u010dih ne da v celoti izogniti, zato vas prosimo za razumevanje v takih primerih, saj so taki postopki le vi\u0161anje varnosti nakupov preko spleta.<\/p><h3>Stro\u0161ki dostave<\/h3><p>Naro\u010deno blago v vrednosti nad 50,00 \u20ac vam bomo s privzeto dostavno slu\u017ebo dostavili <strong>brezpla\u010dno<\/strong>.\u200b<br \/>Stro\u0161ki dostave, ki jih ne moremo opraviti brezpla\u010dno so okvirno povzeti iz cenika <strong>dostavnih slu\u017eb<\/strong> in jih lahko preverite v ko\u0161arici pred podajo naro\u010dila. Pred potrditvijo naro\u010dila boste imeli mo\u017enost izbrati med izvajalci dostave (\u010de jih je ve\u010d). Ob vsakem bo navedena tudi cena dostave tako, da boste lahko izbrali med tistim, ki vam najbolj ustreza. Cena je vezana na te\u017eo artikla oz artiklov.<\/p><h3>Prijava po\u0161kodovanih po\u0161iljk<\/h3><p><strong>V primeru, da je po\u0161iljka fizi\u010dno po\u0161kodovana, v njem manjka vsebina ali ka\u017ee znake odprtja, mora kupec takoj spro\u017eiti postopek reklamacije pri dostavni slu\u017ebi, ki mu je tak paket dostavila in sicer:<\/strong><\/p><ul><li>pri Po\u0161ti Slovenije to storite tako, da po\u0161iljko odnesete\u00a0 na najbli\u017ejo po\u0161to v enakem stanju, kot ste jo prejeli (ne da bi karkoli dodali ali odstranili) ter izpolnite reklamacijski zapisnik.<\/li><li>pri ostalih kurirskih slu\u017ebah zahtevate od kurirja takoj\u0161njo sestavo zapisnika o paketu. V primeru, da vam kurir ne sestavi zapisnika ali prevzamete po\u0161kodovan paket brez, da bi od kurirja zahtevali sestavo zapisnika je uveljavljanje povzro\u010dene \u0161kode pri kurirski slu\u017ebi bistveno te\u017eje zato vas vljudno napro\u0161amo, da pregled paketa ter sestavo zapisnika zahtevate vedno, ko le ta ka\u017ee znake po\u0161kodb.<\/li><\/ul><p>Trudimo se, da pakete vedno odpremimo najbolje pripravljene na transport in jih po potrebi tudi dodatno za\u0161\u010ditimo, vendar tudi to ni garancija, da do samih po\u0161kodb med transportom ne more priti. Ob morebitni prijavi po\u0161kodbe med transportom se bomo potrudili, da reklamacijo re\u0161imo v \u010dim kraj\u0161em mo\u017enem roku.<\/p><h3>Garancija<\/h3><p>Minimalni garancijski rok za izdelke je skladno z veljavno zakonodajo v Republiki Sloveniji 12 mesecev. V \u010dasu garancijskega roka za servisiranje izdelka poskrbimo mi. Izdelek, za katerega uveljavljate garancijo skupaj z ra\u010dunom in garancijskim listom (prilo\u017een izdelku) dostavite na na\u0161 naslov.<\/p><p>Garancija se lahko uveljavlja tudi samo z ra\u010dunom.<\/p><h3>Garancijska izjava<\/h3><p>Dajalec garancije kupcu jam\u010di za lastnosti ali brezhibno delovanje njenih izdelkov za \u010das (garancijski rok):<\/p><ul><li>za potro\u0161no blago (baterije) 6 mesecev.<\/li><\/ul><p>Dajalec garancije se zavezuje, da bo napake pri delovanju izdelka, ki bi se pojavile v garancijskem roku na svoje stro\u0161ke odpravil sam ali zanj poobla\u0161\u010deni serviser, v razumnem \u010dasu, ki ne bo dalj\u0161i od 45 dni od proizvajal\u010devega prejema reklamiranega izdelka in kup\u010devega pisnega obvestila o napaki oz. da bo kupcu v navedenem roku izro\u010dil nov izdelek iste vrste in najmanj iste kakovosti.<\/p><p>Garancija velja za napake pri delovanju izdelka, ki so posledica pomanjkljivosti uporabljenih materialov in nepravilnosti v procesu proizvodnje pod pogojem, da je izdelek bil montiran in uporabljen v skladu z navodili proizvajalca.<\/p><p>Garancija velja na obmo\u010dju Republike Slovenije in EU.<\/p><p>Garancija proizvajalca ne velja v primeru:<\/p><ul><li>uporabe izdelka v nasprotju z navodili proizvajalca, kot tudi v primeru nespo\u0161tovanja navodil;<\/li><li>uporabe izdelka v namene za katere ni bil izdelan;<\/li><li>napa\u010dne monta\u017ee izdelka;<\/li><li>mehanskih po\u0161kodb in napak nastalih brez krivde proizvajalca;<\/li><li>po\u0161kodb in napak nastalih zaradi elementarnih nesre\u010d (strela, potres, po\u017ear, poplave, ipd.) ali naklju\u010dja;<\/li><li>po\u0161kodb in napak nastalih zaradi neprimerne napetosti elektri\u010dnega omre\u017eja (npr. elektri\u010dni udar, ipd.);<\/li><li>popravil ali posegov v izdelek opravljenih s strani osebe, ki je proizvajalec za to ni pooblastil;<\/li><li>kakr\u0161nihkoli modifikacij izdelka.<\/li><\/ul><p>Garancija proizvajalca velja v primeru normalne uporabe izdelka v skladu z namenom izdelka ter v skladu z navodili za uporabo in vzdr\u017eevanje izdelka.<\/p><p>Proizvajalec se zavezuje, da bo kupcu zagotovil servis in nadomestne dele za izdelke vsaj \u0161e 2 leti po preteku garancijskega roka.<\/p><p>Zgoraj navedeni pogoji garancije ne izklju\u010dujejo pravic potro\u0161nikov, ki izhajajo iz odgovornosti prodajalca za napake na blagu.<\/p><p>Proizvajalec oziroma servis lahko potro\u0161niku za \u010das popravila blaga, za katerega je bila izdana obvezna garancija, zagotovi brezpla\u010dno uporabo podobnega proizvoda.<\/p><p>Garancijski rok za\u010dne te\u010di z dnem izro\u010ditve izdelka kupcu.<\/p><p>\u010ce va\u0161 izdelk ne bo popravljen v 45 dneh od sprejema v popravilo, bomo va\u0161 izdelek zamenjali z novim.<\/p><p>Popravila na domu zaradi zahtevnosti in neprenosljivosti sodobne servisne opreme ter razpolo\u017eljivosti rezervnih delov niso mogo\u010da.<br \/>Za prevoz izdelka priznavamo najbolj racionalno tarifo javnega prevoza, vendar le ob predlo\u017eitvi ustreznega potrdila.<\/p><p>Prodajalec ni usposobljen za tehni\u010dno presojo glede morebitnih okvar in tako tudi ne more odlo\u010dati o zamenjavi izdelka brez mnenja poobla\u0161\u010denega servisa v okvari.<\/p><p>\u010ce se ugotovi, da je za nedelovanje izdelka kriva neprimerna uporaba ali vzdr\u017eevanje oz. kakr\u0161nokoli nepoobla\u0161\u010deno poseganje v izdelek bodo kupcu zara\u010dunani stro\u0161ki popravila ter po\u0161tnina oz. stro\u0161ki diagnostike ali pregleda.<\/p><p><span style=\"color: #23232c; font-size: 20px;\">Obve\u0161\u010danje o naro\u010dilih<\/span><\/p><p>Po dokon\u010dni potrditvi naro\u010dila kupca preko elektronske po\u0161te obvestimo o prejemu naro\u010dila. Obi\u010dajno naslovnik prejme elektronsko obvestilo v 5 minutah, ni\u010d pa ni neobi\u010dajnega, \u010de proces zaradi razli\u010dnih nastavitev elektronskih po\u0161tnih odjemalcev traja nekoliko dlje.<\/p><p>Kupec prejme elektronsko obvestilo tudi takrat, ko blago odpremimo. Za tem je obi\u010dajno potrebno dan ali dva, da je blago tudi dostavljeno na prejemnikov naslov.<\/p><p>V primeru, da ste morda naro\u010dili blago, ki ga zaradi nepredvidljivih razlogov ne moremo odpremiti v obljubljenem roku, vas o novem dobavnem roku obvestimo preko posredovanih kontaktnih podatkov.<\/p><p>Na va\u0161em ra\u010dunu lahko prenesete tudi elektronske verzije posameznih dokumentov za va\u0161o nadaljno uporabo.<\/p>\t\t\t\t\t\t\t\t<\/div>\n\t\t\t\t<\/div>\n\t\t\t\t\t<\/div>\n\t\t<\/div>\n\t\t\t\t\t<\/div>\n\t\t<\/section>\n\t\t\t\t<\/div>\n\t\t","protected":false},"excerpt":{"rendered":"<p>Dostava naro\u010denega blaga Naro\u010deno blago z vrednostjo nad 50,00 \u20ac vam bomo s privzeto dostavno slu\u017ebo dostavili brezpla\u010dno. \u200bBlago pod to vrednostjo vam bomo dostavili po ceniku na\u0161ih dostavnih slu\u017eb.&hellip;<\/p>\n","protected":false},"author":193639565,"featured_media":0,"parent":0,"menu_order":0,"comment_status":"closed","ping_status":"closed","template":"","meta":{"jetpack_post_was_ever_published":false,"footnotes":""},"class_list":["post-3394","page","type-page","status-publish","hentry"],"aioseo_notices":[],"yoast_head":"<!-- This site is optimized with the Yoast SEO plugin v27.3 - https:\/\/yoast.com\/product\/yoast-seo-wordpress\/ -->\n<title>Dostava, garancija - Manitu: Earths Finest Cannabis Products<\/title>\n<meta name=\"robots\" content=\"index, follow, max-snippet:-1, max-image-preview:large, max-video-preview:-1\" \/>\n<link rel=\"canonical\" href=\"https:\/\/manituherbs.com\/en\/sl\/dostava-garancija\/\" \/>\n<meta property=\"og:locale\" content=\"en_GB\" \/>\n<meta property=\"og:type\" content=\"article\" \/>\n<meta property=\"og:title\" content=\"Dostava, garancija - Manitu: Earths Finest Cannabis Products\" \/>\n<meta property=\"og:description\" content=\"Dostava naro\u010denega blaga Naro\u010deno blago z vrednostjo nad 50,00 \u20ac vam bomo s privzeto dostavno slu\u017ebo dostavili brezpla\u010dno. \u200bBlago pod to vrednostjo vam bomo dostavili po ceniku na\u0161ih dostavnih slu\u017eb.&hellip;\" \/>\n<meta property=\"og:url\" content=\"https:\/\/manituherbs.com\/en\/sl\/dostava-garancija\/\" \/>\n<meta property=\"og:site_name\" content=\"Manitu: Earths Finest Cannabis Products\" \/>\n<meta property=\"article:modified_time\" content=\"2021-07-15T13:26:57+00:00\" \/>\n<meta name=\"twitter:card\" content=\"summary_large_image\" \/>\n<meta name=\"twitter:label1\" content=\"Estimated reading time\" \/>\n\t<meta name=\"twitter:data1\" content=\"9 minutes\" \/>\n<script type=\"application\/ld+json\" class=\"yoast-schema-graph\">{\"@context\":\"https:\\\/\\\/schema.org\",\"@graph\":[{\"@type\":\"WebPage\",\"@id\":\"https:\\\/\\\/manituherbs.com\\\/sl\\\/dostava-garancija\\\/\",\"url\":\"https:\\\/\\\/manituherbs.com\\\/sl\\\/dostava-garancija\\\/\",\"name\":\"Dostava, garancija - Manitu: Earths Finest Cannabis Products\",\"isPartOf\":{\"@id\":\"https:\\\/\\\/manituherbs.com\\\/sl\\\/#website\"},\"datePublished\":\"2021-06-16T10:36:14+00:00\",\"dateModified\":\"2021-07-15T13:26:57+00:00\",\"breadcrumb\":{\"@id\":\"https:\\\/\\\/manituherbs.com\\\/sl\\\/dostava-garancija\\\/#breadcrumb\"},\"inLanguage\":\"en-GB\",\"potentialAction\":[{\"@type\":\"ReadAction\",\"target\":[\"https:\\\/\\\/manituherbs.com\\\/sl\\\/dostava-garancija\\\/\"]}]},{\"@type\":\"BreadcrumbList\",\"@id\":\"https:\\\/\\\/manituherbs.com\\\/sl\\\/dostava-garancija\\\/#breadcrumb\",\"itemListElement\":[{\"@type\":\"ListItem\",\"position\":1,\"name\":\"Home\",\"item\":\"https:\\\/\\\/manituherbs.com\\\/en\\\/\"},{\"@type\":\"ListItem\",\"position\":2,\"name\":\"Dostava, garancija\"}]},{\"@type\":\"WebSite\",\"@id\":\"https:\\\/\\\/manituherbs.com\\\/sl\\\/#website\",\"url\":\"https:\\\/\\\/manituherbs.com\\\/sl\\\/\",\"name\":\"Manitu: Earths Finest Cannabis Products\",\"description\":\"Manitu Herbs\",\"publisher\":{\"@id\":\"https:\\\/\\\/manituherbs.com\\\/sl\\\/#organization\"},\"potentialAction\":[{\"@type\":\"SearchAction\",\"target\":{\"@type\":\"EntryPoint\",\"urlTemplate\":\"https:\\\/\\\/manituherbs.com\\\/sl\\\/?s={search_term_string}\"},\"query-input\":{\"@type\":\"PropertyValueSpecification\",\"valueRequired\":true,\"valueName\":\"search_term_string\"}}],\"inLanguage\":\"en-GB\"},{\"@type\":\"Organization\",\"@id\":\"https:\\\/\\\/manituherbs.com\\\/sl\\\/#organization\",\"name\":\"Manitu: Earths Finest Cannabis Products\",\"url\":\"https:\\\/\\\/manituherbs.com\\\/sl\\\/\",\"logo\":{\"@type\":\"ImageObject\",\"inLanguage\":\"en-GB\",\"@id\":\"https:\\\/\\\/manituherbs.com\\\/sl\\\/#\\\/schema\\\/logo\\\/image\\\/\",\"url\":\"https:\\\/\\\/manituherbs.com\\\/wp-content\\\/uploads\\\/2021\\\/05\\\/manitu-logo-light.svg\",\"contentUrl\":\"https:\\\/\\\/manituherbs.com\\\/wp-content\\\/uploads\\\/2021\\\/05\\\/manitu-logo-light.svg\",\"caption\":\"Manitu: Earths Finest Cannabis Products\"},\"image\":{\"@id\":\"https:\\\/\\\/manituherbs.com\\\/sl\\\/#\\\/schema\\\/logo\\\/image\\\/\"}}]}<\/script>\n<!-- \/ Yoast SEO plugin. -->","yoast_head_json":{"title":"Dostava, garancija - Manitu: Earths Finest Cannabis Products","robots":{"index":"index","follow":"follow","max-snippet":"max-snippet:-1","max-image-preview":"max-image-preview:large","max-video-preview":"max-video-preview:-1"},"canonical":"https:\/\/manituherbs.com\/en\/sl\/dostava-garancija\/","og_locale":"en_GB","og_type":"article","og_title":"Dostava, garancija - Manitu: Earths Finest Cannabis Products","og_description":"Dostava naro\u010denega blaga Naro\u010deno blago z vrednostjo nad 50,00 \u20ac vam bomo s privzeto dostavno slu\u017ebo dostavili brezpla\u010dno. \u200bBlago pod to vrednostjo vam bomo dostavili po ceniku na\u0161ih dostavnih slu\u017eb.&hellip;","og_url":"https:\/\/manituherbs.com\/en\/sl\/dostava-garancija\/","og_site_name":"Manitu: Earths Finest Cannabis Products","article_modified_time":"2021-07-15T13:26:57+00:00","twitter_card":"summary_large_image","twitter_misc":{"Estimated reading time":"9 minutes"},"schema":{"@context":"https:\/\/schema.org","@graph":[{"@type":"WebPage","@id":"https:\/\/manituherbs.com\/sl\/dostava-garancija\/","url":"https:\/\/manituherbs.com\/sl\/dostava-garancija\/","name":"Dostava, garancija - Manitu: Earths Finest Cannabis Products","isPartOf":{"@id":"https:\/\/manituherbs.com\/sl\/#website"},"datePublished":"2021-06-16T10:36:14+00:00","dateModified":"2021-07-15T13:26:57+00:00","breadcrumb":{"@id":"https:\/\/manituherbs.com\/sl\/dostava-garancija\/#breadcrumb"},"inLanguage":"en-GB","potentialAction":[{"@type":"ReadAction","target":["https:\/\/manituherbs.com\/sl\/dostava-garancija\/"]}]},{"@type":"BreadcrumbList","@id":"https:\/\/manituherbs.com\/sl\/dostava-garancija\/#breadcrumb","itemListElement":[{"@type":"ListItem","position":1,"name":"Home","item":"https:\/\/manituherbs.com\/en\/"},{"@type":"ListItem","position":2,"name":"Dostava, garancija"}]},{"@type":"WebSite","@id":"https:\/\/manituherbs.com\/sl\/#website","url":"https:\/\/manituherbs.com\/sl\/","name":"Manitu: Earths Finest Cannabis Products","description":"Manitu Herbs","publisher":{"@id":"https:\/\/manituherbs.com\/sl\/#organization"},"potentialAction":[{"@type":"SearchAction","target":{"@type":"EntryPoint","urlTemplate":"https:\/\/manituherbs.com\/sl\/?s={search_term_string}"},"query-input":{"@type":"PropertyValueSpecification","valueRequired":true,"valueName":"search_term_string"}}],"inLanguage":"en-GB"},{"@type":"Organization","@id":"https:\/\/manituherbs.com\/sl\/#organization","name":"Manitu: Earths Finest Cannabis Products","url":"https:\/\/manituherbs.com\/sl\/","logo":{"@type":"ImageObject","inLanguage":"en-GB","@id":"https:\/\/manituherbs.com\/sl\/#\/schema\/logo\/image\/","url":"https:\/\/manituherbs.com\/wp-content\/uploads\/2021\/05\/manitu-logo-light.svg","contentUrl":"https:\/\/manituherbs.com\/wp-content\/uploads\/2021\/05\/manitu-logo-light.svg","caption":"Manitu: Earths Finest Cannabis Products"},"image":{"@id":"https:\/\/manituherbs.com\/sl\/#\/schema\/logo\/image\/"}}]}},"jetpack_likes_enabled":false,"jetpack_sharing_enabled":true,"jetpack_shortlink":"https:\/\/wp.me\/PcZ4F6-SK","_links":{"self":[{"href":"https:\/\/manituherbs.com\/en\/wp-json\/wp\/v2\/pages\/3394","targetHints":{"allow":["GET"]}}],"collection":[{"href":"https:\/\/manituherbs.com\/en\/wp-json\/wp\/v2\/pages"}],"about":[{"href":"https:\/\/manituherbs.com\/en\/wp-json\/wp\/v2\/types\/page"}],"author":[{"embeddable":true,"href":"https:\/\/manituherbs.com\/en\/wp-json\/wp\/v2\/users\/193639565"}],"replies":[{"embeddable":true,"href":"https:\/\/manituherbs.com\/en\/wp-json\/wp\/v2\/comments?post=3394"}],"version-history":[{"count":8,"href":"https:\/\/manituherbs.com\/en\/wp-json\/wp\/v2\/pages\/3394\/revisions"}],"predecessor-version":[{"id":3459,"href":"https:\/\/manituherbs.com\/en\/wp-json\/wp\/v2\/pages\/3394\/revisions\/3459"}],"wp:attachment":[{"href":"https:\/\/manituherbs.com\/en\/wp-json\/wp\/v2\/media?parent=3394"}],"curies":[{"name":"wp","href":"https:\/\/api.w.org\/{rel}","templated":true}]}}