{"id":3402,"date":"2021-06-16T12:47:01","date_gmt":"2021-06-16T10:47:01","guid":{"rendered":"https:\/\/manituherbs.com\/?page_id=3402"},"modified":"2021-07-15T15:26:37","modified_gmt":"2021-07-15T13:26:37","slug":"reklamacije-vracila","status":"publish","type":"page","link":"https:\/\/manituherbs.com\/en\/reklamacije-vracila\/","title":{"rendered":"Reklamacije, vra\u010dila"},"content":{"rendered":"\t\t<div data-elementor-type=\"wp-page\" data-elementor-id=\"3402\" class=\"elementor elementor-3402\" data-elementor-post-type=\"page\">\n\t\t\t\t\t\t<section class=\"elementor-section elementor-top-section elementor-element elementor-element-151f29a9 elementor-section-boxed elementor-section-height-default elementor-section-height-default\" data-id=\"151f29a9\" data-element_type=\"section\" data-e-type=\"section\">\n\t\t\t\t\t\t<div class=\"elementor-container elementor-column-gap-default\">\n\t\t\t\t\t<div class=\"elementor-column elementor-col-100 elementor-top-column elementor-element elementor-element-2bd3b9c1\" data-id=\"2bd3b9c1\" data-element_type=\"column\" data-e-type=\"column\">\n\t\t\t<div class=\"elementor-widget-wrap elementor-element-populated\">\n\t\t\t\t\t\t<div class=\"elementor-element elementor-element-3e15d757 elementor-widget elementor-widget-text-editor\" data-id=\"3e15d757\" data-element_type=\"widget\" data-e-type=\"widget\" data-widget_type=\"text-editor.default\">\n\t\t\t\t<div class=\"elementor-widget-container\">\n\t\t\t\t\t\t\t\t\t<h3>Vra\u010dilo izdelkov<\/h3><p>V skladu z Zakonom o varstvu potro\u0161nikov (ZVPot-UPB2) lahko naro\u010deno blago, kupljeno po pogodbi na daljavo (kamor spada tudi nakup preko interneta), brez razloga vrnete v rokih skladnih s 43. \u010clenom Zakona o varstvu potro\u0161nika. Rok za obvestilo o odstopu od pogodbe je tako 14 dni od prejema blaga. Vra\u010dilo samega izdelka pa nato pri\u010dakujemo najkasneje v 14 dneh od podanega obvestila o odstopu od pogodbe. Kot odstop od pogodbe se \u0161teje tudi vsak neprevzet ali zavrnjen paket, ki vam ga odpo\u0161ljemo na naslov naveden v naro\u010dilu.<\/p><p><strong>Pred vra\u010dilom izdelka prosimo po\u0161ljite obvestilo na <a href=\"mailto:info@manituherbs.com\">info@manituherbs.com<\/a><\/strong>. Po prejetju sporo\u010dila vas bomo kontaktirali z nadaljnjimi navodili za vra\u010dilo.<\/p><p>Kupljeno blago morate vrniti nepo\u0161kodovano, v nespremenjeni koli\u010dini brez sledov uporabe ter z vso pripadajo\u010do dokumentacijo, vklju\u010dno z originalnim ra\u010dunom ter originalno embala\u017eo, ki ne sme biti po\u0161kodovana.<\/p><p>Kupec blaga do odstopa od pogodbe ne sme neovirano uporabljati. Kupec sme samo opraviti ogled in preizkus artiklov v obsegu, kot je to nujno potrebno za ugotovitev dejanskega stanja. Preizku\u0161anje artikla, ki odstopa od navedenega, se \u0161teje za dejansko uporabo artiklov, kar pomeni, da kupec s tem izgubi pravico do odstopa od pogodbe in vra\u010dila izdelka. Potro\u0161nik odgovarja za zmanj\u0161anje vrednosti blaga, \u010de je zmanj\u0161anje vrednosti posledica ravnanja, ki ni nujno potrebno za ugotovitev narave, lastnosti in delovanja blaga.<\/p><p>Prodajalec si v primeru navedenem v zgornji to\u010dki pridru\u017euje pravico, da za take izdelke ugotovi zni\u017eano vrednost izdelka ter kupcu pri vra\u010dilu kupnine upo\u0161teva zni\u017eano vrednost izdelka ali sam izdelek vrne kupcu.<\/p><p><strong>Vse morebitne stro\u0161ke vra\u010dila ali odstopa od pogodbe krije kupec.<\/strong><\/p><p>Kupec lahko ob vra\u010dilu naro\u010denega blaga ali ob odstopu od pogodbe zahteva vrnitev kupnine. <strong>Podjetje vrne prejeta pla\u010dila potro\u0161niku z enakim pla\u010dilnim sredstvom, kot ga je uporabil potro\u0161nik pri pla\u010dilu naro\u010dila<\/strong> razen, \u010de izrecno zahtevate uporabo drugega pla\u010dilnega sredstva in \u010de zaradi tega ne nosite nobenih stro\u0161kov.<\/p><p>se ostale ugovore, pripombe, zahtevke in izjave ali morebitne pohvale nam lahko po\u0161ljete ne elektronski naslov <a href=\"mailto:info@manituherbs.com\">info@manituherbs.com<\/a>.<\/p><p>Vra\u010dilo blaga brez izpolnitve spletnega obrazca ni mogo\u010de. Po\u0161iljke z odkupnino bodo zavrnjene.<\/p><p>\u010ce naro\u010dilo izvede pravna oseba oz. samostojni podjetnik, ki opravlja pridobitno dejavnost, ne glede na njeno pravno organizacijsko obliko ali lastninsko pripadnost, zanjo dolo\u010dila iz prej\u0161njih odstavkov ne veljajo. Zahtevke za vra\u010dilo blaga bo prodajalec v teh primerih obravnaval individualno in pri tem v najve\u010dji mo\u017eni meri upo\u0161teval vse razloge in okoli\u0161\u010dine ter mo\u017enosti, ki jih omogo\u010dajo dobavitelji.\u00a0<\/p><h3>Reklamacije<\/h3><p>Blago lahko reklamirate, \u010de blago nima lastnosti, ki jih je prodajalec izrecno obljubil, \u010de je prodajalec poslal napa\u010dne izdelke, v napa\u010dni koli\u010dini, barvi ali kako druga\u010de odstopajo od va\u0161ega naro\u010dila.<\/p><p>Kupec lahko blago reklamira v 8 dneh od nakupa in zahteva takoj\u0161njo zamenjavo za enak, brezhiben artikel ali pa v zakonsko dolo\u010denem roku in pod pogoji za uveljavljanje reklamacije iz naslova stvarne napake.<\/p><p>V primeru reklamacije, lahko kupec, v skladu z zakonskimi omejitvami, zahteva zamenjavo artikla, njegovo popravilo ali vra\u010dilo kupnine. V slednjem primeru si prodajalec pridr\u017euje pravico, da za \u010das, ko je kupec blago uporabljal, obra\u010duna najemnino po veljavnem ceniku, vendar najve\u010d v znesku, za kolikor se je, v \u010dasu uporabe in zaradi uporabe, artiklu zmanj\u0161ala tr\u017ena vrednost.<\/p><p><strong>Za reklamacijo izdelka prosimo po\u0161ljite sporo\u010dilo z opisom reklamacije na <a href=\"mailto:info@manituherbs.com\">info@manituherbs.com<\/a><\/strong>. Po prejetju reklamacije vas bomo kontaktirali z nadaljnjimi navodili.<\/p><p>Druga\u010den na\u010din reklamacije ne sprejemamo. Po\u0161iljke z odkupnino bodo zavrnjene.<\/p><h3>Stvarne napake<\/h3><p><strong>Napaka je stvarna:<\/strong><\/p><ol><li>\u010de stvar nima lastnosti, ki so potrebne za njeno normalno rabo ali za promet;<\/li><li>\u010de stvar nima lastnosti, ki so potrebne za posebno rabo, za katero jo kupec kupuje, ki pa je bila prodajalcu znana oziroma bi mu morala biti znana;<\/li><li>\u010de stvar nima lastnosti in odlik, ki so bile izrecno ali mol\u010de dogovorjene oziroma predpisane;<\/li><li>\u010de je prodajalec izro\u010dil stvar, ki se ne ujema z vzorcem ali modelom, razen \u010de je bil vzorec ali model pokazan le zaradi obvestila.<\/li><\/ol><p>Primernost blaga za normalno rabo se presoja glede na obi\u010dajno blago enake vrste in ob upo\u0161tevanju kakr\u0161nihkoli prodajal\u010devih izjav o zna\u010dilnostih blaga, ki jih je dal prodajalec ali proizvajalec zlasti z ogla\u0161evanjem, predstavitvijo izdelka ali navedbami na blagu samem.<\/p><p>Za odgovornost za stvarne in pravne napake se uporabljajo dolo\u010dbe zakona, ki ureja obligacijska razmerja, \u010de ta zakon ne dolo\u010da druga\u010de.<\/p><p>Potro\u0161nik lahko uveljavlja svoje pravice iz naslova stvarne napake, \u010de o napaki obvesti prodajalca v roku dveh mesecev od dneva, ko je bila napaka odkrita.<\/p><p>Prodajalec ne odgovarja za stvarne napake na blagu, ki se poka\u017eejo potem, ko mineta dve leti, odkar je bila stvar izro\u010dena.<\/p><p><strong>Za reklamacije iz naslova stvarnih napak prosimo po\u0161ljite mail na <a href=\"mailto:info@manituherbs.com\">info@manituherbs.com<\/a>.<\/strong> Po prejetju sporo\u010dila vas bomo kontaktirali z nadaljnjimi navodili.<\/p><p>Druga\u010dnih na\u010dinov reklamacij ne sprejemamo. Po\u0161iljke z odkupnino bodo zavrnjene.<\/p>\t\t\t\t\t\t\t\t<\/div>\n\t\t\t\t<\/div>\n\t\t\t\t\t<\/div>\n\t\t<\/div>\n\t\t\t\t\t<\/div>\n\t\t<\/section>\n\t\t\t\t<\/div>\n\t\t","protected":false},"excerpt":{"rendered":"<p>Vra\u010dilo izdelkov V skladu z Zakonom o varstvu potro\u0161nikov (ZVPot-UPB2) lahko naro\u010deno blago, kupljeno po pogodbi na daljavo (kamor spada tudi nakup preko interneta), brez razloga vrnete v rokih skladnih&hellip;<\/p>\n","protected":false},"author":193639565,"featured_media":0,"parent":0,"menu_order":0,"comment_status":"closed","ping_status":"closed","template":"","meta":{"footnotes":""},"class_list":["post-3402","page","type-page","status-publish","hentry"],"aioseo_notices":[],"yoast_head":"<!-- This site is optimized with the Yoast SEO plugin v27.4 - https:\/\/yoast.com\/product\/yoast-seo-wordpress\/ -->\n<title>Reklamacije, vra\u010dila - Manitu: Earths Finest Cannabis Products<\/title>\n<meta name=\"robots\" content=\"index, follow, max-snippet:-1, max-image-preview:large, max-video-preview:-1\" \/>\n<link rel=\"canonical\" href=\"https:\/\/manituherbs.com\/en\/reklamacije-vracila\/\" \/>\n<meta property=\"og:locale\" content=\"en_GB\" \/>\n<meta property=\"og:type\" content=\"article\" \/>\n<meta property=\"og:title\" content=\"Reklamacije, vra\u010dila - Manitu: Earths Finest Cannabis Products\" \/>\n<meta property=\"og:description\" content=\"Vra\u010dilo izdelkov V skladu z Zakonom o varstvu potro\u0161nikov (ZVPot-UPB2) lahko naro\u010deno blago, kupljeno po pogodbi na daljavo (kamor spada tudi nakup preko interneta), brez razloga vrnete v rokih skladnih&hellip;\" \/>\n<meta property=\"og:url\" content=\"https:\/\/manituherbs.com\/en\/reklamacije-vracila\/\" \/>\n<meta property=\"og:site_name\" content=\"Manitu: Earths Finest Cannabis Products\" \/>\n<meta property=\"article:modified_time\" content=\"2021-07-15T13:26:37+00:00\" \/>\n<meta name=\"twitter:card\" content=\"summary_large_image\" \/>\n<meta name=\"twitter:label1\" content=\"Estimated reading time\" \/>\n\t<meta name=\"twitter:data1\" content=\"4 minutes\" \/>\n<script type=\"application\/ld+json\" class=\"yoast-schema-graph\">{\"@context\":\"https:\\\/\\\/schema.org\",\"@graph\":[{\"@type\":\"WebPage\",\"@id\":\"https:\\\/\\\/manituherbs.com\\\/en\\\/reklamacije-vracila\\\/\",\"url\":\"https:\\\/\\\/manituherbs.com\\\/en\\\/reklamacije-vracila\\\/\",\"name\":\"Reklamacije, vra\u010dila - Manitu: Earths Finest Cannabis Products\",\"isPartOf\":{\"@id\":\"https:\\\/\\\/manituherbs.com\\\/sl\\\/#website\"},\"datePublished\":\"2021-06-16T10:47:01+00:00\",\"dateModified\":\"2021-07-15T13:26:37+00:00\",\"breadcrumb\":{\"@id\":\"https:\\\/\\\/manituherbs.com\\\/en\\\/reklamacije-vracila\\\/#breadcrumb\"},\"inLanguage\":\"en-GB\",\"potentialAction\":[{\"@type\":\"ReadAction\",\"target\":[\"https:\\\/\\\/manituherbs.com\\\/en\\\/reklamacije-vracila\\\/\"]}]},{\"@type\":\"BreadcrumbList\",\"@id\":\"https:\\\/\\\/manituherbs.com\\\/en\\\/reklamacije-vracila\\\/#breadcrumb\",\"itemListElement\":[{\"@type\":\"ListItem\",\"position\":1,\"name\":\"Home\",\"item\":\"https:\\\/\\\/manituherbs.com\\\/en\\\/\"},{\"@type\":\"ListItem\",\"position\":2,\"name\":\"Reklamacije, vra\u010dila\"}]},{\"@type\":\"WebSite\",\"@id\":\"https:\\\/\\\/manituherbs.com\\\/sl\\\/#website\",\"url\":\"https:\\\/\\\/manituherbs.com\\\/sl\\\/\",\"name\":\"Manitu: Earths Finest Cannabis Products\",\"description\":\"Manitu Herbs\",\"publisher\":{\"@id\":\"https:\\\/\\\/manituherbs.com\\\/sl\\\/#organization\"},\"potentialAction\":[{\"@type\":\"SearchAction\",\"target\":{\"@type\":\"EntryPoint\",\"urlTemplate\":\"https:\\\/\\\/manituherbs.com\\\/sl\\\/?s={search_term_string}\"},\"query-input\":{\"@type\":\"PropertyValueSpecification\",\"valueRequired\":true,\"valueName\":\"search_term_string\"}}],\"inLanguage\":\"en-GB\"},{\"@type\":\"Organization\",\"@id\":\"https:\\\/\\\/manituherbs.com\\\/sl\\\/#organization\",\"name\":\"Manitu: Earths Finest Cannabis Products\",\"url\":\"https:\\\/\\\/manituherbs.com\\\/sl\\\/\",\"logo\":{\"@type\":\"ImageObject\",\"inLanguage\":\"en-GB\",\"@id\":\"https:\\\/\\\/manituherbs.com\\\/sl\\\/#\\\/schema\\\/logo\\\/image\\\/\",\"url\":\"https:\\\/\\\/manituherbs.com\\\/wp-content\\\/uploads\\\/2021\\\/05\\\/manitu-logo-light.svg\",\"contentUrl\":\"https:\\\/\\\/manituherbs.com\\\/wp-content\\\/uploads\\\/2021\\\/05\\\/manitu-logo-light.svg\",\"caption\":\"Manitu: Earths Finest Cannabis Products\"},\"image\":{\"@id\":\"https:\\\/\\\/manituherbs.com\\\/sl\\\/#\\\/schema\\\/logo\\\/image\\\/\"}}]}<\/script>\n<!-- \/ Yoast SEO plugin. -->","yoast_head_json":{"title":"Reklamacije, vra\u010dila - Manitu: Earths Finest Cannabis Products","robots":{"index":"index","follow":"follow","max-snippet":"max-snippet:-1","max-image-preview":"max-image-preview:large","max-video-preview":"max-video-preview:-1"},"canonical":"https:\/\/manituherbs.com\/en\/reklamacije-vracila\/","og_locale":"en_GB","og_type":"article","og_title":"Reklamacije, vra\u010dila - Manitu: Earths Finest Cannabis Products","og_description":"Vra\u010dilo izdelkov V skladu z Zakonom o varstvu potro\u0161nikov (ZVPot-UPB2) lahko naro\u010deno blago, kupljeno po pogodbi na daljavo (kamor spada tudi nakup preko interneta), brez razloga vrnete v rokih skladnih&hellip;","og_url":"https:\/\/manituherbs.com\/en\/reklamacije-vracila\/","og_site_name":"Manitu: Earths Finest Cannabis Products","article_modified_time":"2021-07-15T13:26:37+00:00","twitter_card":"summary_large_image","twitter_misc":{"Estimated reading time":"4 minutes"},"schema":{"@context":"https:\/\/schema.org","@graph":[{"@type":"WebPage","@id":"https:\/\/manituherbs.com\/en\/reklamacije-vracila\/","url":"https:\/\/manituherbs.com\/en\/reklamacije-vracila\/","name":"Reklamacije, vra\u010dila - Manitu: Earths Finest Cannabis Products","isPartOf":{"@id":"https:\/\/manituherbs.com\/sl\/#website"},"datePublished":"2021-06-16T10:47:01+00:00","dateModified":"2021-07-15T13:26:37+00:00","breadcrumb":{"@id":"https:\/\/manituherbs.com\/en\/reklamacije-vracila\/#breadcrumb"},"inLanguage":"en-GB","potentialAction":[{"@type":"ReadAction","target":["https:\/\/manituherbs.com\/en\/reklamacije-vracila\/"]}]},{"@type":"BreadcrumbList","@id":"https:\/\/manituherbs.com\/en\/reklamacije-vracila\/#breadcrumb","itemListElement":[{"@type":"ListItem","position":1,"name":"Home","item":"https:\/\/manituherbs.com\/en\/"},{"@type":"ListItem","position":2,"name":"Reklamacije, vra\u010dila"}]},{"@type":"WebSite","@id":"https:\/\/manituherbs.com\/sl\/#website","url":"https:\/\/manituherbs.com\/sl\/","name":"Manitu: Earths Finest Cannabis Products","description":"Manitu Herbs","publisher":{"@id":"https:\/\/manituherbs.com\/sl\/#organization"},"potentialAction":[{"@type":"SearchAction","target":{"@type":"EntryPoint","urlTemplate":"https:\/\/manituherbs.com\/sl\/?s={search_term_string}"},"query-input":{"@type":"PropertyValueSpecification","valueRequired":true,"valueName":"search_term_string"}}],"inLanguage":"en-GB"},{"@type":"Organization","@id":"https:\/\/manituherbs.com\/sl\/#organization","name":"Manitu: Earths Finest Cannabis Products","url":"https:\/\/manituherbs.com\/sl\/","logo":{"@type":"ImageObject","inLanguage":"en-GB","@id":"https:\/\/manituherbs.com\/sl\/#\/schema\/logo\/image\/","url":"https:\/\/manituherbs.com\/wp-content\/uploads\/2021\/05\/manitu-logo-light.svg","contentUrl":"https:\/\/manituherbs.com\/wp-content\/uploads\/2021\/05\/manitu-logo-light.svg","caption":"Manitu: Earths Finest Cannabis Products"},"image":{"@id":"https:\/\/manituherbs.com\/sl\/#\/schema\/logo\/image\/"}}]}},"jetpack_likes_enabled":false,"jetpack_sharing_enabled":true,"jetpack_shortlink":"https:\/\/wp.me\/PcZ4F6-SS","_links":{"self":[{"href":"https:\/\/manituherbs.com\/en\/wp-json\/wp\/v2\/pages\/3402","targetHints":{"allow":["GET"]}}],"collection":[{"href":"https:\/\/manituherbs.com\/en\/wp-json\/wp\/v2\/pages"}],"about":[{"href":"https:\/\/manituherbs.com\/en\/wp-json\/wp\/v2\/types\/page"}],"author":[{"embeddable":true,"href":"https:\/\/manituherbs.com\/en\/wp-json\/wp\/v2\/users\/193639565"}],"replies":[{"embeddable":true,"href":"https:\/\/manituherbs.com\/en\/wp-json\/wp\/v2\/comments?post=3402"}],"version-history":[{"count":5,"href":"https:\/\/manituherbs.com\/en\/wp-json\/wp\/v2\/pages\/3402\/revisions"}],"predecessor-version":[{"id":3458,"href":"https:\/\/manituherbs.com\/en\/wp-json\/wp\/v2\/pages\/3402\/revisions\/3458"}],"wp:attachment":[{"href":"https:\/\/manituherbs.com\/en\/wp-json\/wp\/v2\/media?parent=3402"}],"curies":[{"name":"wp","href":"https:\/\/api.w.org\/{rel}","templated":true}]}}